{"id":6,"date":"2026-03-05T14:43:06","date_gmt":"2026-03-05T14:43:06","guid":{"rendered":"https:\/\/poradna.surgalclinic.cz\/index.php\/online-poradny\/"},"modified":"2026-03-26T06:36:08","modified_gmt":"2026-03-26T06:36:08","slug":"online-poradny","status":"publish","type":"page","link":"https:\/\/poradna.surgalclinic.cz\/","title":{"rendered":"Online poradny"},"content":{"rendered":"\t\t<div data-elementor-type=\"wp-page\" data-elementor-id=\"6\" class=\"elementor elementor-6\">\n\t\t\t\t<div class=\"elementor-element elementor-element-7a6bb924 e-con-full e-flex e-con e-parent\" data-id=\"7a6bb924\" data-element_type=\"container\" data-e-type=\"container\">\n\t\t\t\t<div class=\"elementor-element elementor-element-52e03e04 elementor-widget elementor-widget-shortcode\" data-id=\"52e03e04\" data-element_type=\"widget\" data-e-type=\"widget\" data-widget_type=\"shortcode.default\">\n\t\t\t\t\t\t\t<div class=\"elementor-shortcode\">        <style>.entry-header,.entry-title{display:none !important;}<\/style>\n        <div class=\"sgc-wrap sgc-home-page\">\n            <div class=\"sgc-header\">\n                <h1>Webov\u00e1 poradna<\/h1>\n                                    <a href=\"#\" class=\"sgc-admin-open\" data-sgc-admin-open>Admin<\/a>\n                            <\/div>\n\n            <div class=\"sgc-section\">\n                <h2>Webov\u00e1 poradna<\/h2>\n                <div class=\"sgc-cards\"><a class=\"sgc-card sgc-card-live\" href=\"https:\/\/poradna.surgalclinic.cz\/index.php\/poradna-i6q8g82m\/\"><div class=\"sgc-badge sgc-live\">WEBOV\u00c1 PORADNA<\/div><div class=\"sgc-title\">Webov\u00e1 poradna \u2013 Bariatrie (test)<\/div><div class=\"sgc-desc\"><p>Testovac\u00ed webov\u00e1 poradna zam\u011b\u0159en\u00e1 na bariatrickou l\u00e9\u010dbu (chirurgickou l\u00e9\u010dbu obezity).<\/p>\n<p>Slou\u017e\u00ed pro ov\u011b\u0159en\u00ed funk\u010dnosti syst\u00e9mu a komunikace mezi pacientem a poradcem.<\/p>\n<\/div><div class=\"sgc-time\"><span>Start:<\/span> 2026-03-26 08:00:00<\/div><div class=\"sgc-time\"><span>Konec:<\/span> 2026-03-26 09:00:00<\/div><\/a><\/div>            <\/div>\n\n            <div class=\"sgc-section\">\n                <h2>Pl\u00e1novan\u00e9 poradny \u2013 Online f\u00f3rum<\/h2>\n                <p class=\"sgc-muted\">Zat\u00edm nic.<\/p>            <\/div>\n\n            <div class=\"sgc-section\">\n                <h2>Ukon\u010den\u00e9 poradny<\/h2>\n                <p class=\"sgc-muted\">Zat\u00edm nic.<\/p>            <\/div>\n\n                    <style>.entry-header,.entry-title{display:none !important;}<\/style>\n        <div class=\"sgc-modal\" data-sgc-admin-modal style=\"display:none;\">\n            <div class=\"sgc-modal-backdrop\" data-sgc-admin-close><\/div>\n            <div class=\"sgc-modal-card\">\n                <div class=\"sgc-modal-head\">\n                    <strong>Admin p\u0159ihl\u00e1\u0161en\u00ed<\/strong>\n                    <button class=\"sgc-x\" data-sgc-admin-close>&times;<\/button>\n                <\/div>\n                <div class=\"sgc-modal-body\">\n                    <div class=\"sgc-muted\">P\u0159ihl\u00e1\u0161en\u00ed prob\u00edh\u00e1 p\u0159es AD (LDAP). Mus\u00edte b\u00fdt ve skupin\u011b <code>SGC_WEB_Online_Acess<\/code>.<\/div>\n                    <label>U\u017eivatel<\/label>\n                    <input type=\"text\" data-sgc-admin-user placeholder=\"nap\u0159. jnovak \/ jan.novak@surgalclinic.cz\" \/>\n                    <label>Heslo<\/label>\n                    <input type=\"password\" data-sgc-admin-pass \/>\n                    <button type=\"button\" class=\"sgc-btn\" data-sgc-admin-login>P\u0159ihl\u00e1sit<\/button>\n                    <div class=\"sgc-status\" data-sgc-admin-status><\/div>\n                    <div class=\"sgc-muted\">Spr\u00e1va poraden je tak\u00e9 ve WP administraci (IT): <a href=\"https:\/\/poradna.surgalclinic.cz\/wp-admin\/admin.php?page=sgc-online-poradne\">Online Poradne<\/a><\/div>\n                <\/div>\n            <\/div>\n        <\/div>\n                <\/div>\n        <\/div>\n\t\t\t\t\t\t<\/div>\n\t\t\t\t<\/div>\n\t\t\t\t<\/div>\n\t\t","protected":false},"excerpt":{"rendered":"","protected":false},"author":1,"featured_media":0,"parent":0,"menu_order":0,"comment_status":"closed","ping_status":"closed","template":"","meta":{"site-sidebar-layout":"default","site-content-layout":"","ast-site-content-layout":"default","site-content-style":"default","site-sidebar-style":"default","ast-global-header-display":"","ast-banner-title-visibility":"","ast-main-header-display":"","ast-hfb-above-header-display":"","ast-hfb-below-header-display":"","ast-hfb-mobile-header-display":"","site-post-title":"disabled","ast-breadcrumbs-content":"","ast-featured-img":"","footer-sml-layout":"","ast-disable-related-posts":"","theme-transparent-header-meta":"","adv-header-id-meta":"","stick-header-meta":"","header-above-stick-meta":"","header-main-stick-meta":"","header-below-stick-meta":"","astra-migrate-meta-layouts":"default","ast-page-background-enabled":"default","ast-page-background-meta":{"desktop":{"background-color":"var(--ast-global-color-5)","background-image":"","background-repeat":"repeat","background-position":"center center","background-size":"auto","background-attachment":"scroll","background-type":"","background-media":"","overlay-type":"","overlay-color":"","overlay-opacity":"","overlay-gradient":""},"tablet":{"background-color":"","background-image":"","background-repeat":"repeat","background-position":"center center","background-size":"auto","background-attachment":"scroll","background-type":"","background-media":"","overlay-type":"","overlay-color":"","overlay-opacity":"","overlay-gradient":""},"mobile":{"background-color":"","background-image":"","background-repeat":"repeat","background-position":"center center","background-size":"auto","background-attachment":"scroll","background-type":"","background-media":"","overlay-type":"","overlay-color":"","overlay-opacity":"","overlay-gradient":""}},"ast-content-background-meta":{"desktop":{"background-color":"var(--ast-global-color-4)","background-image":"","background-repeat":"repeat","background-position":"center center","background-size":"auto","background-attachment":"scroll","background-type":"","background-media":"","overlay-type":"","overlay-color":"","overlay-opacity":"","overlay-gradient":""},"tablet":{"background-color":"var(--ast-global-color-4)","background-image":"","background-repeat":"repeat","background-position":"center center","background-size":"auto","background-attachment":"scroll","background-type":"","background-media":"","overlay-type":"","overlay-color":"","overlay-opacity":"","overlay-gradient":""},"mobile":{"background-color":"var(--ast-global-color-4)","background-image":"","background-repeat":"repeat","background-position":"center center","background-size":"auto","background-attachment":"scroll","background-type":"","background-media":"","overlay-type":"","overlay-color":"","overlay-opacity":"","overlay-gradient":""}},"footnotes":""},"class_list":["post-6","page","type-page","status-publish","hentry"],"_links":{"self":[{"href":"https:\/\/poradna.surgalclinic.cz\/index.php\/wp-json\/wp\/v2\/pages\/6","targetHints":{"allow":["GET"]}}],"collection":[{"href":"https:\/\/poradna.surgalclinic.cz\/index.php\/wp-json\/wp\/v2\/pages"}],"about":[{"href":"https:\/\/poradna.surgalclinic.cz\/index.php\/wp-json\/wp\/v2\/types\/page"}],"author":[{"embeddable":true,"href":"https:\/\/poradna.surgalclinic.cz\/index.php\/wp-json\/wp\/v2\/users\/1"}],"replies":[{"embeddable":true,"href":"https:\/\/poradna.surgalclinic.cz\/index.php\/wp-json\/wp\/v2\/comments?post=6"}],"version-history":[{"count":6,"href":"https:\/\/poradna.surgalclinic.cz\/index.php\/wp-json\/wp\/v2\/pages\/6\/revisions"}],"predecessor-version":[{"id":86,"href":"https:\/\/poradna.surgalclinic.cz\/index.php\/wp-json\/wp\/v2\/pages\/6\/revisions\/86"}],"wp:attachment":[{"href":"https:\/\/poradna.surgalclinic.cz\/index.php\/wp-json\/wp\/v2\/media?parent=6"}],"curies":[{"name":"wp","href":"https:\/\/api.w.org\/{rel}","templated":true}]}}